{"id":214,"date":"2025-12-29T18:31:14","date_gmt":"2025-12-29T18:31:14","guid":{"rendered":"https:\/\/rdscompany.net\/?page_id=214"},"modified":"2026-01-08T21:55:09","modified_gmt":"2026-01-08T21:55:09","slug":"services","status":"publish","type":"page","link":"https:\/\/rdscompany.net\/de\/services\/","title":{"rendered":"Leistungen"},"content":{"rendered":"<div data-elementor-type=\"wp-page\" data-elementor-id=\"214\" class=\"elementor elementor-214\">\n\t\t\t\t<div class=\"elementor-element elementor-element-904a701 e-grid e-con-full e-con e-parent\" data-id=\"904a701\" data-element_type=\"container\" data-settings=\"{&quot;background_background&quot;:&quot;classic&quot;}\">\n\t\t<div class=\"elementor-element elementor-element-ef4b699 e-flex e-con-boxed e-con e-child\" data-id=\"ef4b699\" data-element_type=\"container\" data-settings=\"{&quot;background_background&quot;:&quot;classic&quot;}\">\n\t\t\t\t\t<div class=\"e-con-inner\">\n\t\t\t\t<div class=\"elementor-element elementor-element-7ebf980 elementor-widget__width-initial elementor-widget elementor-widget-heading\" data-id=\"7ebf980\" data-element_type=\"widget\" data-widget_type=\"heading.default\">\n\t\t\t\t\t<h3 class=\"elementor-heading-title elementor-size-default translation-block\">Express-<br>und<br>Direkt-<br>transport<\/h3>\t\t\t\t<\/div>\n\t\t\t\t<div class=\"elementor-element elementor-element-e58bb86 elementor-widget elementor-widget-heading\" data-id=\"e58bb86\" data-element_type=\"widget\" data-widget_type=\"heading.default\">\n\t\t\t\t\t<p class=\"elementor-heading-title elementor-size-default\">Schnelle und direkte Transporte in ganz Europa<\/p>\t\t\t\t<\/div>\n\t\t\t\t<div class=\"elementor-element elementor-element-3128798 elementor-widget-divider--view-line elementor-widget elementor-widget-divider\" data-id=\"3128798\" data-element_type=\"widget\" data-widget_type=\"divider.default\">\n\t\t\t\t\t\t\t<div class=\"elementor-divider\">\n\t\t\t<span class=\"elementor-divider-separator\">\n\t\t\t\t\t\t<\/span>\n\t\t<\/div>\n\t\t\t\t\t\t<\/div>\n\t\t\t\t<div class=\"elementor-element elementor-element-a2baa87 elementor-widget elementor-widget-text-editor\" data-id=\"a2baa87\" data-element_type=\"widget\" data-widget_type=\"text-editor.default\">\n\t\t\t\t\t\t\t\t\t<ul><li data-start=\"399\" data-end=\"431\"><p data-start=\"401\" data-end=\"431\"><strong>Direkter Sprinter-Transport<\/strong><\/p><\/li><li data-start=\"432\" data-end=\"469\"><p data-start=\"434\" data-end=\"469\"><strong>Direkte Abholung und direkte Zustellung<\/strong><\/p><\/li><li data-start=\"470\" data-end=\"507\"><p data-start=\"472\" data-end=\"507\"><strong>Keine Umladung oder Konsolidierung<\/strong><\/p><\/li><li data-start=\"508\" data-end=\"555\"><p data-start=\"510\" data-end=\"555\"><strong>Geeignet f\u00fcr dringende und zeitkritische Ladungen<\/strong><\/p><\/li><\/ul>\t\t\t\t\t\t\t\t<\/div>\n\t\t\t\t\t<\/div>\n\t\t\t\t<\/div>\n\t\t<div class=\"elementor-element elementor-element-7d2a18e e-flex e-con-boxed e-con e-child\" data-id=\"7d2a18e\" data-element_type=\"container\" data-settings=\"{&quot;background_background&quot;:&quot;classic&quot;}\">\n\t\t\t\t\t<div class=\"e-con-inner\">\n\t\t\t\t<div class=\"elementor-element elementor-element-ca2c8f7 elementor-widget__width-initial elementor-widget elementor-widget-heading\" data-id=\"ca2c8f7\" data-element_type=\"widget\" data-widget_type=\"heading.default\">\n\t\t\t\t\t<h3 class=\"elementor-heading-title elementor-size-default translation-block\">Planenbeladung<br>und<br>Rampen-<br>beladung<\/h3>\t\t\t\t<\/div>\n\t\t\t\t<div class=\"elementor-element elementor-element-7e4e739 elementor-widget elementor-widget-heading\" data-id=\"7e4e739\" data-element_type=\"widget\" data-widget_type=\"heading.default\">\n\t\t\t\t\t<p class=\"elementor-heading-title elementor-size-default\">Flexible Be- und Entladung in ganz Europa<\/p>\t\t\t\t<\/div>\n\t\t\t\t<div class=\"elementor-element elementor-element-2c352f3 elementor-widget-divider--view-line elementor-widget elementor-widget-divider\" data-id=\"2c352f3\" data-element_type=\"widget\" data-widget_type=\"divider.default\">\n\t\t\t\t\t\t\t<div class=\"elementor-divider\">\n\t\t\t<span class=\"elementor-divider-separator\">\n\t\t\t\t\t\t<\/span>\n\t\t<\/div>\n\t\t\t\t\t\t<\/div>\n\t\t\t\t<div class=\"elementor-element elementor-element-d97a831 elementor-widget elementor-widget-text-editor\" data-id=\"d97a831\" data-element_type=\"widget\" data-widget_type=\"text-editor.default\">\n\t\t\t\t\t\t\t\t\t<ul><li data-start=\"265\" data-end=\"313\"><p data-start=\"267\" data-end=\"313\"><strong data-start=\"267\" data-end=\"311\">Planenbeladung f\u00fcr flexiblen Zugang<\/strong><\/p><\/li><li data-start=\"314\" data-end=\"380\"><p data-start=\"316\" data-end=\"380\"><strong data-start=\"316\" data-end=\"378\">Hydraulische Ladebordw\u00e4nde f\u00fcr palettierte und nicht standardisierte Ladung<\/strong><\/p><\/li><li data-start=\"381\" data-end=\"430\"><p data-start=\"383\" data-end=\"430\"><strong data-start=\"383\" data-end=\"428\">Kompatibilit\u00e4t mit Standard-Laderampen<\/strong><\/p><\/li><li data-start=\"431\" data-end=\"492\"><p data-start=\"433\" data-end=\"492\"><strong data-start=\"433\" data-end=\"492\">Geeignet f\u00fcr gemischte, palettierte und \u00fcbergro\u00dfe Sendungen<\/strong><\/p><\/li><\/ul>\t\t\t\t\t\t\t\t<\/div>\n\t\t\t\t\t<\/div>\n\t\t\t\t<\/div>\n\t\t<div class=\"elementor-element elementor-element-1c95d1e e-flex e-con-boxed e-con e-child\" data-id=\"1c95d1e\" data-element_type=\"container\" data-settings=\"{&quot;background_background&quot;:&quot;classic&quot;}\">\n\t\t\t\t\t<div class=\"e-con-inner\">\n\t\t\t\t<div class=\"elementor-element elementor-element-bdd661f elementor-widget elementor-widget-heading\" data-id=\"bdd661f\" data-element_type=\"widget\" data-widget_type=\"heading.default\">\n\t\t\t\t\t<h3 class=\"elementor-heading-title elementor-size-default translation-block\">Zeitkritische<br>und Just-in-Time-<br>Lieferungen<\/h3>\t\t\t\t<\/div>\n\t\t\t\t<div class=\"elementor-element elementor-element-c8f24cd elementor-widget elementor-widget-heading\" data-id=\"c8f24cd\" data-element_type=\"widget\" data-widget_type=\"heading.default\">\n\t\t\t\t\t<p class=\"elementor-heading-title elementor-size-default\">Pr\u00e4zise und zeitkritische Transporte in ganz Europa<\/p>\t\t\t\t<\/div>\n\t\t\t\t<div class=\"elementor-element elementor-element-83d6275 elementor-widget-divider--view-line elementor-widget elementor-widget-divider\" data-id=\"83d6275\" data-element_type=\"widget\" data-widget_type=\"divider.default\">\n\t\t\t\t\t\t\t<div class=\"elementor-divider\">\n\t\t\t<span class=\"elementor-divider-separator\">\n\t\t\t\t\t\t<\/span>\n\t\t<\/div>\n\t\t\t\t\t\t<\/div>\n\t\t\t\t<div class=\"elementor-element elementor-element-bb5e879 elementor-widget elementor-widget-text-editor\" data-id=\"bb5e879\" data-element_type=\"widget\" data-widget_type=\"text-editor.default\">\n\t\t\t\t\t\t\t\t\t<p><strong>Zeitkritische und dringende Sendungen <\/strong><br \/><strong>Just-in-Time-Lieferl\u00f6sungen <\/strong><br \/><strong>Pr\u00e4zise Zeitplanung und Routenplanung <\/strong><br \/><strong>Geeignet f\u00fcr Produktions- und Automotive-Lieferketten<\/strong><\/p>\t\t\t\t\t\t\t\t<\/div>\n\t\t\t\t\t<\/div>\n\t\t\t\t<\/div>\n\t\t<div class=\"elementor-element elementor-element-0725a3c e-flex e-con-boxed e-con e-child\" data-id=\"0725a3c\" data-element_type=\"container\" data-settings=\"{&quot;background_background&quot;:&quot;classic&quot;}\">\n\t\t\t\t\t<div class=\"e-con-inner\">\n\t\t\t\t<div class=\"elementor-element elementor-element-1c4a53d elementor-widget elementor-widget-heading\" data-id=\"1c4a53d\" data-element_type=\"widget\" data-widget_type=\"heading.default\">\n\t\t\t\t\t<h3 class=\"elementor-heading-title elementor-size-default translation-block\">Europa-<br>und Balkan-<br>Einsatzgebiet<\/h3>\t\t\t\t<\/div>\n\t\t\t\t<div class=\"elementor-element elementor-element-c4b289b elementor-widget elementor-widget-heading\" data-id=\"c4b289b\" data-element_type=\"widget\" data-widget_type=\"heading.default\">\n\t\t\t\t\t<p class=\"elementor-heading-title elementor-size-default\">Zuverl\u00e4ssige Transportabdeckung in ganz Europa <\/p>\t\t\t\t<\/div>\n\t\t\t\t<div class=\"elementor-element elementor-element-7b7e7a9 elementor-widget-divider--view-line elementor-widget elementor-widget-divider\" data-id=\"7b7e7a9\" data-element_type=\"widget\" data-widget_type=\"divider.default\">\n\t\t\t\t\t\t\t<div class=\"elementor-divider\">\n\t\t\t<span class=\"elementor-divider-separator\">\n\t\t\t\t\t\t<\/span>\n\t\t<\/div>\n\t\t\t\t\t\t<\/div>\n\t\t\t\t<div class=\"elementor-element elementor-element-dbbb760 elementor-widget elementor-widget-text-editor\" data-id=\"dbbb760\" data-element_type=\"widget\" data-widget_type=\"text-editor.default\">\n\t\t\t\t\t\t\t\t\t<p><strong>\u2022 Vollst\u00e4ndige Abdeckung in ganz Europa <br \/>\u2022 Erweiterte Eins\u00e4tze in der Balkanregion <br \/>\u2022 Grenz\u00fcberschreitende und regionale Transportl\u00f6sungen <br \/>\u2022 Ein Partner f\u00fcr internationale und lokale Lieferungen entlang der gesamten<br \/>Lieferkette<\/strong><\/p>\t\t\t\t\t\t\t\t<\/div>\n\t\t\t\t\t<\/div>\n\t\t\t\t<\/div>\n\t\t\t\t<\/div>\n\t\t<div class=\"elementor-element elementor-element-107895d e-flex e-con-boxed e-con e-parent\" data-id=\"107895d\" data-element_type=\"container\" data-settings=\"{&quot;background_background&quot;:&quot;classic&quot;}\">\n\t\t\t\t\t<div class=\"e-con-inner\">\n\t\t\t\t<div class=\"elementor-element elementor-element-8fe6523 elementor-widget elementor-widget-heading\" data-id=\"8fe6523\" data-element_type=\"widget\" data-widget_type=\"heading.default\">\n\t\t\t\t\t<h2 class=\"elementor-heading-title elementor-size-default\">Operative Unterst\u00fctzung &amp; Sendungs\u00fcberwachung<\/h2>\t\t\t\t<\/div>\n\t\t\t\t<div class=\"elementor-element elementor-element-412c93f elementor-widget elementor-widget-heading\" data-id=\"412c93f\" data-element_type=\"widget\" data-widget_type=\"heading.default\">\n\t\t\t\t\t<h2 class=\"elementor-heading-title elementor-size-default\">Wir bieten kontinuierliche operative Unterst\u00fctzung sowie Echtzeit-Transparenz der Sendungen und gew\u00e4hrleisten volle Kontrolle und Transparenz \u00fcber den gesamten Transportprozess hinweg.<\/h2>\t\t\t\t<\/div>\n\t\t\t\t<div class=\"elementor-element elementor-element-ec75240 elementor-widget-divider--view-line elementor-widget elementor-widget-divider\" data-id=\"ec75240\" data-element_type=\"widget\" data-widget_type=\"divider.default\">\n\t\t\t\t\t\t\t<div class=\"elementor-divider\">\n\t\t\t<span class=\"elementor-divider-separator\">\n\t\t\t\t\t\t<\/span>\n\t\t<\/div>\n\t\t\t\t\t\t<\/div>\n\t\t\t\t<div class=\"elementor-element elementor-element-e3f2e68 elementor-widget elementor-widget-text-editor\" data-id=\"e3f2e68\" data-element_type=\"widget\" data-widget_type=\"text-editor.default\">\n\t\t\t\t\t\t\t\t\t<h4><strong>\u2022 24\/7 GPS-Tracking und Sendungs\u00fcberwachung<\/strong><br \/><strong>\u2022 Kontinuierliche Kommunikation mit zugewiesenen Disponenten<\/strong><br \/><strong>\u2022 Statusaktualisierungen und Routeninformationen in Echtzeit<\/strong><br \/><strong>\u2022 Unmittelbare Reaktion auf operative \u00c4nderungen oder Verz\u00f6gerungen<\/strong><br \/><strong>\u2022 Feste Ansprechpartner w\u00e4hrend des gesamten Transportprozesses<\/strong><\/h4>\t\t\t\t\t\t\t\t<\/div>\n\t\t\t\t\t<\/div>\n\t\t\t\t<\/div>\n\t\t<div class=\"elementor-element elementor-element-940d8a5 e-flex e-con-boxed e-con e-parent\" data-id=\"940d8a5\" data-element_type=\"container\" data-settings=\"{&quot;background_background&quot;:&quot;classic&quot;}\">\n\t\t\t\t\t<div class=\"e-con-inner\">\n\t\t\t\t<div class=\"elementor-element elementor-element-c4a988e elementor-widget elementor-widget-heading\" data-id=\"c4a988e\" data-element_type=\"widget\" data-widget_type=\"heading.default\">\n\t\t\t\t\t<h2 class=\"elementor-heading-title elementor-size-default\">Compliance, Versicherung &amp; Transportlizenzen<\/h2>\t\t\t\t<\/div>\n\t\t\t\t<div class=\"elementor-element elementor-element-419b364 elementor-widget elementor-widget-heading\" data-id=\"419b364\" data-element_type=\"widget\" data-widget_type=\"heading.default\">\n\t\t\t\t\t<h2 class=\"elementor-heading-title elementor-size-default\">Wir erf\u00fcllen alle europ\u00e4ischen Transportvorschriften und verf\u00fcgen \u00fcber eine g\u00fcltige CMR-Versicherung sowie s\u00e4mtliche erforderlichen Lizenzen f\u00fcr den internationalen Stra\u00dfentransport.<\/h2>\t\t\t\t<\/div>\n\t\t\t\t<div class=\"elementor-element elementor-element-975a9ff elementor-widget-divider--view-line elementor-widget elementor-widget-divider\" data-id=\"975a9ff\" data-element_type=\"widget\" data-widget_type=\"divider.default\">\n\t\t\t\t\t\t\t<div class=\"elementor-divider\">\n\t\t\t<span class=\"elementor-divider-separator\">\n\t\t\t\t\t\t<\/span>\n\t\t<\/div>\n\t\t\t\t\t\t<\/div>\n\t\t\t\t<div class=\"elementor-element elementor-element-b99c0d2 elementor-widget elementor-widget-text-editor\" data-id=\"b99c0d2\" data-element_type=\"widget\" data-widget_type=\"text-editor.default\">\n\t\t\t\t\t\t\t\t\t<h4 class=\"translation-block\"><strong>\u2022 G\u00fcltige CMR-Versicherung f\u00fcr den internationalen Transport<\/strong><br>\n<strong>\u2022 Lizenzierter EU-Stra\u00dfentransportunternehmer<\/strong><br>\n<strong>\u2022 Einhaltung der europ\u00e4ischen Sicherheits- und Transportvorschriften<\/strong><br>\n<strong>\u2022 Professionelle Dokumentation und Sendungsabwicklung<\/strong><\/h4>\t\t\t\t\t\t\t\t<\/div>\n\t\t\t\t\t<\/div>\n\t\t\t\t<\/div>\n\t\t<div class=\"elementor-element elementor-element-4b347ed e-flex e-con-boxed e-con e-parent\" data-id=\"4b347ed\" data-element_type=\"container\" data-settings=\"{&quot;background_background&quot;:&quot;classic&quot;}\">\n\t\t\t\t\t<div class=\"e-con-inner\">\n\t\t\t\t<div class=\"elementor-element elementor-element-779f70e elementor-widget elementor-widget-button\" data-id=\"779f70e\" data-element_type=\"widget\" data-widget_type=\"button.default\">\n\t\t\t\t\t\t\t\t\t\t<a class=\"elementor-button elementor-button-link elementor-size-sm\" href=\"https:\/\/rdscompany.net\/de\/contact\/\">\n\t\t\t\t\t\t<span class=\"elementor-button-content-wrapper\">\n\t\t\t\t\t\t\t\t\t<span class=\"elementor-button-text\">Kontakt aufnehmen <\/span>\n\t\t\t\t\t<\/span>\n\t\t\t\t\t<\/a>\n\t\t\t\t\t\t\t\t<\/div>\n\t\t\t\t\t<\/div>\n\t\t\t\t<\/div>\n\t\t\t\t<\/div>","protected":false},"excerpt":{"rendered":"<p>Express&amp;Dedicated Transport Fast and direct deliveries across Europe Dedicated Sprinter transport Direct pickup and direct delivery No transshipment or consolidation [&hellip;]<\/p>","protected":false},"author":1,"featured_media":0,"parent":0,"menu_order":0,"comment_status":"closed","ping_status":"closed","template":"","meta":{"site-sidebar-layout":"no-sidebar","site-content-layout":"","ast-site-content-layout":"full-width-container","site-content-style":"default","site-sidebar-style":"default","ast-global-header-display":"","ast-banner-title-visibility":"","ast-main-header-display":"","ast-hfb-above-header-display":"","ast-hfb-below-header-display":"","ast-hfb-mobile-header-display":"","site-post-title":"disabled","ast-breadcrumbs-content":"","ast-featured-img":"disabled","footer-sml-layout":"","ast-disable-related-posts":"","theme-transparent-header-meta":"","adv-header-id-meta":"","stick-header-meta":"","header-above-stick-meta":"","header-main-stick-meta":"","header-below-stick-meta":"","astra-migrate-meta-layouts":"default","ast-page-background-enabled":"default","ast-page-background-meta":{"desktop":{"background-color":"var(--ast-global-color-5)","background-image":"","background-repeat":"repeat","background-position":"center center","background-size":"auto","background-attachment":"scroll","background-type":"","background-media":"","overlay-type":"","overlay-color":"","overlay-opacity":"","overlay-gradient":""},"tablet":{"background-color":"","background-image":"","background-repeat":"repeat","background-position":"center center","background-size":"auto","background-attachment":"scroll","background-type":"","background-media":"","overlay-type":"","overlay-color":"","overlay-opacity":"","overlay-gradient":""},"mobile":{"background-color":"","background-image":"","background-repeat":"repeat","background-position":"center center","background-size":"auto","background-attachment":"scroll","background-type":"","background-media":"","overlay-type":"","overlay-color":"","overlay-opacity":"","overlay-gradient":""}},"ast-content-background-meta":{"desktop":{"background-color":"var(--ast-global-color-4)","background-image":"","background-repeat":"repeat","background-position":"center center","background-size":"auto","background-attachment":"scroll","background-type":"","background-media":"","overlay-type":"","overlay-color":"","overlay-opacity":"","overlay-gradient":""},"tablet":{"background-color":"var(--ast-global-color-4)","background-image":"","background-repeat":"repeat","background-position":"center center","background-size":"auto","background-attachment":"scroll","background-type":"","background-media":"","overlay-type":"","overlay-color":"","overlay-opacity":"","overlay-gradient":""},"mobile":{"background-color":"var(--ast-global-color-4)","background-image":"","background-repeat":"repeat","background-position":"center center","background-size":"auto","background-attachment":"scroll","background-type":"","background-media":"","overlay-type":"","overlay-color":"","overlay-opacity":"","overlay-gradient":""}},"footnotes":""},"class_list":["post-214","page","type-page","status-publish","hentry"],"_links":{"self":[{"href":"https:\/\/rdscompany.net\/de\/wp-json\/wp\/v2\/pages\/214","targetHints":{"allow":["GET"]}}],"collection":[{"href":"https:\/\/rdscompany.net\/de\/wp-json\/wp\/v2\/pages"}],"about":[{"href":"https:\/\/rdscompany.net\/de\/wp-json\/wp\/v2\/types\/page"}],"author":[{"embeddable":true,"href":"https:\/\/rdscompany.net\/de\/wp-json\/wp\/v2\/users\/1"}],"replies":[{"embeddable":true,"href":"https:\/\/rdscompany.net\/de\/wp-json\/wp\/v2\/comments?post=214"}],"version-history":[{"count":94,"href":"https:\/\/rdscompany.net\/de\/wp-json\/wp\/v2\/pages\/214\/revisions"}],"predecessor-version":[{"id":847,"href":"https:\/\/rdscompany.net\/de\/wp-json\/wp\/v2\/pages\/214\/revisions\/847"}],"wp:attachment":[{"href":"https:\/\/rdscompany.net\/de\/wp-json\/wp\/v2\/media?parent=214"}],"curies":[{"name":"wp","href":"https:\/\/api.w.org\/{rel}","templated":true}]}}