{"id":212,"date":"2025-12-29T18:30:58","date_gmt":"2025-12-29T18:30:58","guid":{"rendered":"https:\/\/rdscompany.net\/?page_id=212"},"modified":"2026-01-08T21:53:53","modified_gmt":"2026-01-08T21:53:53","slug":"about-us","status":"publish","type":"page","link":"https:\/\/rdscompany.net\/de\/about-us\/","title":{"rendered":"\u00dcber uns"},"content":{"rendered":"<div data-elementor-type=\"wp-page\" data-elementor-id=\"212\" class=\"elementor elementor-212\">\n\t\t\t\t<div class=\"elementor-element elementor-element-0d838e2 e-flex e-con-boxed e-con e-parent\" data-id=\"0d838e2\" data-element_type=\"container\" data-settings=\"{&quot;background_background&quot;:&quot;classic&quot;}\">\n\t\t\t\t\t<div class=\"e-con-inner\">\n\t\t\t\t<div class=\"elementor-element elementor-element-b8f4190 elementor-widget elementor-widget-heading\" data-id=\"b8f4190\" data-element_type=\"widget\" data-widget_type=\"heading.default\">\n\t\t\t\t\t<h2 class=\"elementor-heading-title elementor-size-default\">\u00dcber RDS Company<\/h2>\t\t\t\t<\/div>\n\t\t\t\t<div class=\"elementor-element elementor-element-ce7df64 elementor-widget elementor-widget-heading\" data-id=\"ce7df64\" data-element_type=\"widget\" data-widget_type=\"heading.default\">\n\t\t\t\t\t<h2 class=\"elementor-heading-title elementor-size-default\">RDS Company ist ein unabh\u00e4ngiger europ\u00e4ischer Anbieter f\u00fcr Stra\u00dfentransporte und spezialisiert auf Express- und Direkttransporte f\u00fcr Logistikunternehmen und Speditionen.\n\nUnser Fokus liegt auf Zuverl\u00e4ssigkeit, Flexibilit\u00e4t und vollst\u00e4ndiger operativer Kontrolle bei zeitkritischen Transporten in ganz Europa.<\/h2>\t\t\t\t<\/div>\n\t\t\t\t\t<\/div>\n\t\t\t\t<\/div>\n\t\t<div class=\"elementor-element elementor-element-3b0030a e-flex e-con-boxed e-con e-parent\" data-id=\"3b0030a\" data-element_type=\"container\" data-settings=\"{&quot;background_background&quot;:&quot;classic&quot;}\">\n\t\t\t\t\t<div class=\"e-con-inner\">\n\t\t<div class=\"elementor-element elementor-element-b2ee1bd e-con-full e-flex e-con e-child\" data-id=\"b2ee1bd\" data-element_type=\"container\">\n\t\t\t\t<div class=\"elementor-element elementor-element-2fcbe41 elementor-widget elementor-widget-heading\" data-id=\"2fcbe41\" data-element_type=\"widget\" data-widget_type=\"heading.default\">\n\t\t\t\t\t<h2 class=\"elementor-heading-title elementor-size-default\">Was wir tun<\/h2>\t\t\t\t<\/div>\n\t\t\t\t<div class=\"elementor-element elementor-element-a2f38a4 elementor-widget elementor-widget-text-editor\" data-id=\"a2f38a4\" data-element_type=\"widget\" data-widget_type=\"text-editor.default\">\n\t\t\t\t\t\t\t\t\t<h5 data-start=\"617\" data-end=\"846\">Wir bieten <strong data-start=\"628\" data-end=\"663\">direkte Stra\u00dfentransportl\u00f6sungen<\/strong> mit einem klaren Fokus auf Ausf\u00fchrungsqualit\u00e4t statt auf Volumen. Unsere Abl\u00e4ufe sind auf Sendungen ausgelegt, die Geschwindigkeit, Pr\u00e4zision und klare Kommunikation von der Abholung bis zur Zustellung erfordern.<\/h5><h5>Jede Sendung wird individuell abgewickelt \u2013 mit Routen und Zeitpl\u00e4nen, die an reale operative Anforderungen angepasst sind, statt an standardisierte Transportmodelle.<\/h5>\t\t\t\t\t\t\t\t<\/div>\n\t\t\t\t<\/div>\n\t\t<div class=\"elementor-element elementor-element-c676d07 e-con-full e-flex e-con e-child\" data-id=\"c676d07\" data-element_type=\"container\">\n\t\t\t\t<div class=\"elementor-element elementor-element-33ef4b1 elementor-widget elementor-widget-image\" data-id=\"33ef4b1\" data-element_type=\"widget\" data-widget_type=\"image.default\">\n\t\t\t\t\t\t\t\t\t\t\t\t\t\t\t<img fetchpriority=\"high\" decoding=\"async\" width=\"1024\" height=\"683\" src=\"https:\/\/rdscompany.net\/wp-content\/uploads\/2026\/01\/RDS_WHOWEARE-1024x683.png\" class=\"attachment-large size-large wp-image-503\" alt=\"\" srcset=\"https:\/\/rdscompany.net\/wp-content\/uploads\/2026\/01\/RDS_WHOWEARE-1024x683.png 1024w, https:\/\/rdscompany.net\/wp-content\/uploads\/2026\/01\/RDS_WHOWEARE-300x200.png 300w, https:\/\/rdscompany.net\/wp-content\/uploads\/2026\/01\/RDS_WHOWEARE-768x512.png 768w, https:\/\/rdscompany.net\/wp-content\/uploads\/2026\/01\/RDS_WHOWEARE.png 1536w\" sizes=\"(max-width: 1024px) 100vw, 1024px\" \/>\t\t\t\t\t\t\t\t\t\t\t\t\t\t\t<\/div>\n\t\t\t\t<\/div>\n\t\t\t\t\t<\/div>\n\t\t\t\t<\/div>\n\t\t<div class=\"elementor-element elementor-element-19cb707 e-flex e-con-boxed e-con e-parent\" data-id=\"19cb707\" data-element_type=\"container\" data-settings=\"{&quot;background_background&quot;:&quot;classic&quot;}\">\n\t\t\t\t\t<div class=\"e-con-inner\">\n\t\t\t\t<div class=\"elementor-element elementor-element-eb87419 elementor-widget elementor-widget-heading\" data-id=\"eb87419\" data-element_type=\"widget\" data-widget_type=\"heading.default\">\n\t\t\t\t\t<h2 class=\"elementor-heading-title elementor-size-default\">Unser Fuhrpark &amp; unsere Kapazit\u00e4ten<\/h2>\t\t\t\t<\/div>\n\t\t\t\t<div class=\"elementor-element elementor-element-23e5760 elementor-widget elementor-widget-text-editor\" data-id=\"23e5760\" data-element_type=\"widget\" data-widget_type=\"text-editor.default\">\n\t\t\t\t\t\t\t\t\t<h6 data-start=\"1151\" data-end=\"1264\">Unser Fuhrpark besteht aus <strong data-start=\"1173\" data-end=\"1201\">modernen Planenfahrzeugen<\/strong>ausgestattet f\u00fcr unterschiedliche Be- und Entladesituationen.<\/h6><h6 data-start=\"1266\" data-end=\"1293\">Zu den Kapazit\u00e4ten unseres Fuhrparks geh\u00f6ren:<\/h6><ul data-start=\"1294\" data-end=\"1487\"><li data-start=\"1294\" data-end=\"1338\"><h6 data-start=\"1296\" data-end=\"1338\">Planenbeladung f\u00fcr flexiblen Zugang<\/h6><\/li><li data-start=\"1339\" data-end=\"1401\"><h6 data-start=\"1341\" data-end=\"1401\">Hydraulische Ladebordw\u00e4nde f\u00fcr palettierte und nicht standardisierte Ladung<\/h6><\/li><li data-start=\"1402\" data-end=\"1441\"><h6 data-start=\"1404\" data-end=\"1441\">Nutzlast bis zu <strong data-start=\"1427\" data-end=\"1439\">1,5 Tonnen<\/strong><\/h6><\/li><li data-start=\"1442\" data-end=\"1487\"><h6 data-start=\"1444\" data-end=\"1487\">Kompatibilit\u00e4t mit Standard-Laderampen<\/h6><\/li><\/ul><h6 data-start=\"1489\" data-end=\"1610\">Diese Konfiguration erm\u00f6glicht eine sichere und effiziente Abwicklung zeitkritischer, palettierter und spezieller Ladungen in ganz Europa.<\/h6>\t\t\t\t\t\t\t\t<\/div>\n\t\t\t\t\t<\/div>\n\t\t\t\t<\/div>\n\t\t<div class=\"elementor-element elementor-element-2ee7e49 e-flex e-con-boxed e-con e-parent\" data-id=\"2ee7e49\" data-element_type=\"container\">\n\t\t\t\t\t<div class=\"e-con-inner\">\n\t\t<div class=\"elementor-element elementor-element-aecd80a e-con-full e-flex e-con e-child\" data-id=\"aecd80a\" data-element_type=\"container\">\n\t\t\t\t<div class=\"elementor-element elementor-element-4d1916c elementor-widget elementor-widget-heading\" data-id=\"4d1916c\" data-element_type=\"widget\" data-widget_type=\"heading.default\">\n\t\t\t\t\t<h2 class=\"elementor-heading-title elementor-size-default\">Wie wir arbeiten<\/h2>\t\t\t\t<\/div>\n\t\t\t\t<div class=\"elementor-element elementor-element-1524df8 elementor-widget elementor-widget-heading\" data-id=\"1524df8\" data-element_type=\"widget\" data-widget_type=\"heading.default\">\n\t\t\t\t\t<h2 class=\"elementor-heading-title elementor-size-default\">Unser operatives Modell basiert auf direkten Routen, minimalem Handling und vollst\u00e4ndiger Transparenz.<\/h2>\t\t\t\t<\/div>\n\t\t\t\t<div class=\"elementor-element elementor-element-2b3dcae elementor-widget elementor-widget-text-editor\" data-id=\"2b3dcae\" data-element_type=\"widget\" data-widget_type=\"text-editor.default\">\n\t\t\t\t\t\t\t\t\t<h6 data-start=\"1734\" data-end=\"1750\">Wir arbeiten mit:<\/h6><ul data-start=\"1751\" data-end=\"1907\"><li data-start=\"1751\" data-end=\"1783\"><h6 data-start=\"1753\" data-end=\"1783\">Direkte Punkt-zu-Punkt-Routen<\/h6><\/li><li data-start=\"1784\" data-end=\"1834\"><h6 data-start=\"1786\" data-end=\"1834\">Flexible Planung, angepasst an die Priorit\u00e4ten des Kunden<\/h6><\/li><li data-start=\"1835\" data-end=\"1872\"><h6 data-start=\"1837\" data-end=\"1872\">Klare und proaktive Kommunikation<\/h6><\/li><li data-start=\"1873\" data-end=\"1907\"><h6 data-start=\"1875\" data-end=\"1907\">Kontinuierliche Sendungs\u00fcberwachung<\/h6><\/li><\/ul><h6 data-start=\"1909\" data-end=\"2054\">Von der Abholung bis zur finalen Zustellung bleibt jede Sendung unter <strong data-start=\"1969\" data-end=\"1997\">vollst\u00e4ndiger operativer Kontrolle<\/strong>was Vorhersehbarkeit und Zuverl\u00e4ssigkeit in jeder Phase sicherstellt.<\/h6>\t\t\t\t\t\t\t\t<\/div>\n\t\t\t\t<\/div>\n\t\t<div class=\"elementor-element elementor-element-356fdbb e-con-full e-flex e-con e-child\" data-id=\"356fdbb\" data-element_type=\"container\">\n\t\t\t\t<div class=\"elementor-element elementor-element-d56f538 elementor-widget elementor-widget-heading\" data-id=\"d56f538\" data-element_type=\"widget\" data-widget_type=\"heading.default\">\n\t\t\t\t\t<h2 class=\"elementor-heading-title elementor-size-default\">Mit wem wir arbeiten<\/h2>\t\t\t\t<\/div>\n\t\t\t\t<div class=\"elementor-element elementor-element-24e4138 elementor-widget elementor-widget-heading\" data-id=\"24e4138\" data-element_type=\"widget\" data-widget_type=\"heading.default\">\n\t\t\t\t\t<h2 class=\"elementor-heading-title elementor-size-default\">Wir verstehen uns als langfristiger Transportpartner und nicht als Spot-Carrier \u2013 mit Fokus auf Kontinuit\u00e4t, Verantwortungsbewusstsein und operatives Vertrauen.<\/h2>\t\t\t\t<\/div>\n\t\t\t\t<div class=\"elementor-element elementor-element-cb6ca47 elementor-widget elementor-widget-text-editor\" data-id=\"cb6ca47\" data-element_type=\"widget\" data-widget_type=\"text-editor.default\">\n\t\t\t\t\t\t\t\t\t<h4 data-start=\"2081\" data-end=\"2117\">RDS Company arbeitet haupts\u00e4chlich mit:<\/h4><ul data-start=\"2118\" data-end=\"2236\"><li data-start=\"2118\" data-end=\"2141\"><h4 data-start=\"2120\" data-end=\"2141\">Logistikunternehmen<\/h4><\/li><li data-start=\"2142\" data-end=\"2164\"><h4 data-start=\"2144\" data-end=\"2164\">Speditionen<\/h4><\/li><li data-start=\"2165\" data-end=\"2236\"><h4 data-start=\"2167\" data-end=\"2236\">Industrie- und Handelsunternehmen mit Bedarf an zuverl\u00e4ssigem Stra\u00dfentransport<\/h4><\/li><\/ul>\t\t\t\t\t\t\t\t<\/div>\n\t\t\t\t<\/div>\n\t\t\t\t\t<\/div>\n\t\t\t\t<\/div>\n\t\t<div class=\"elementor-element elementor-element-445923b e-flex e-con-boxed e-con e-parent\" data-id=\"445923b\" data-element_type=\"container\" data-settings=\"{&quot;background_background&quot;:&quot;classic&quot;}\">\n\t\t\t\t\t<div class=\"e-con-inner\">\n\t\t\t\t<div class=\"elementor-element elementor-element-c71feb7 elementor-widget elementor-widget-heading\" data-id=\"c71feb7\" data-element_type=\"widget\" data-widget_type=\"heading.default\">\n\t\t\t\t\t<h2 class=\"elementor-heading-title elementor-size-default\">Unser Anspruch<\/h2>\t\t\t\t<\/div>\n\t\t\t\t<div class=\"elementor-element elementor-element-8eab25d elementor-widget elementor-widget-text-editor\" data-id=\"8eab25d\" data-element_type=\"widget\" data-widget_type=\"text-editor.default\">\n\t\t\t\t\t\t\t\t\t<h4>Wir verpflichten uns zu:<\/h4><ul data-start=\"2421\" data-end=\"2603\"><li data-start=\"2421\" data-end=\"2473\"><h5 data-start=\"2423\" data-end=\"2473\">klaren und verantwortungsvollen Transportentscheidungen<\/h5><\/li><li data-start=\"2474\" data-end=\"2517\"><h5 data-start=\"2476\" data-end=\"2517\">der pr\u00e4zisen Durchf\u00fchrung jeder Sendung<\/h5><\/li><li data-start=\"2518\" data-end=\"2559\"><h5 data-start=\"2520\" data-end=\"2559\">der Aufrechterhaltung transparenter Kommunikation<\/h5><\/li><li data-start=\"2560\" data-end=\"2603\"><h5 data-start=\"2562\" data-end=\"2603\">der Einhaltung aller getroffenen Vereinbarungen<\/h5><\/li><\/ul>\t\t\t\t\t\t\t\t<\/div>\n\t\t\t\t<div class=\"elementor-element elementor-element-286ec2c elementor-widget elementor-widget-heading\" data-id=\"286ec2c\" data-element_type=\"widget\" data-widget_type=\"heading.default\">\n\t\t\t\t\t<h2 class=\"elementor-heading-title elementor-size-default\">F\u00fcr uns ist Transport nicht nur Bewegung \u2013 sondern Verantwortung, Timing und pr\u00e4zise Umsetzung.<\/h2>\t\t\t\t<\/div>\n\t\t\t\t\t<\/div>\n\t\t\t\t<\/div>\n\t\t<div class=\"elementor-element elementor-element-f1658bc e-flex e-con-boxed e-con e-parent\" data-id=\"f1658bc\" data-element_type=\"container\" data-settings=\"{&quot;background_background&quot;:&quot;classic&quot;}\">\n\t\t\t\t\t<div class=\"e-con-inner\">\n\t\t\t\t<div class=\"elementor-element elementor-element-de0c2da elementor-widget elementor-widget-heading\" data-id=\"de0c2da\" data-element_type=\"widget\" data-widget_type=\"heading.default\">\n\t\t\t\t\t<h2 class=\"elementor-heading-title elementor-size-default\">Bereit, mit einem zuverl\u00e4ssigen Transportpartner zusammenzuarbeiten?<\/h2>\t\t\t\t<\/div>\n\t\t\t\t<div class=\"elementor-element elementor-element-73cee0b elementor-button-info elementor-align-center elementor-widget elementor-widget-button\" data-id=\"73cee0b\" data-element_type=\"widget\" data-widget_type=\"button.default\">\n\t\t\t\t\t\t\t\t\t\t<a class=\"elementor-button elementor-button-link elementor-size-sm\" href=\"https:\/\/rdscompany.net\/de\/contact\/\">\n\t\t\t\t\t\t<span class=\"elementor-button-content-wrapper\">\n\t\t\t\t\t\t\t\t\t<span class=\"elementor-button-text\">Transport anfragen<\/span>\n\t\t\t\t\t<\/span>\n\t\t\t\t\t<\/a>\n\t\t\t\t\t\t\t\t<\/div>\n\t\t\t\t\t<\/div>\n\t\t\t\t<\/div>\n\t\t\t\t<\/div>","protected":false},"excerpt":{"rendered":"<p>About RDS Company RDS Company is an independent European road transport provider specializing in express and dedicated van transport for [&hellip;]<\/p>","protected":false},"author":1,"featured_media":0,"parent":0,"menu_order":0,"comment_status":"closed","ping_status":"closed","template":"","meta":{"site-sidebar-layout":"no-sidebar","site-content-layout":"","ast-site-content-layout":"full-width-container","site-content-style":"default","site-sidebar-style":"default","ast-global-header-display":"","ast-banner-title-visibility":"","ast-main-header-display":"","ast-hfb-above-header-display":"","ast-hfb-below-header-display":"","ast-hfb-mobile-header-display":"","site-post-title":"disabled","ast-breadcrumbs-content":"","ast-featured-img":"disabled","footer-sml-layout":"","ast-disable-related-posts":"","theme-transparent-header-meta":"","adv-header-id-meta":"","stick-header-meta":"","header-above-stick-meta":"","header-main-stick-meta":"","header-below-stick-meta":"","astra-migrate-meta-layouts":"default","ast-page-background-enabled":"default","ast-page-background-meta":{"desktop":{"background-color":"var(--ast-global-color-5)","background-image":"","background-repeat":"repeat","background-position":"center center","background-size":"auto","background-attachment":"scroll","background-type":"","background-media":"","overlay-type":"","overlay-color":"","overlay-opacity":"","overlay-gradient":""},"tablet":{"background-color":"","background-image":"","background-repeat":"repeat","background-position":"center center","background-size":"auto","background-attachment":"scroll","background-type":"","background-media":"","overlay-type":"","overlay-color":"","overlay-opacity":"","overlay-gradient":""},"mobile":{"background-color":"","background-image":"","background-repeat":"repeat","background-position":"center center","background-size":"auto","background-attachment":"scroll","background-type":"","background-media":"","overlay-type":"","overlay-color":"","overlay-opacity":"","overlay-gradient":""}},"ast-content-background-meta":{"desktop":{"background-color":"var(--ast-global-color-4)","background-image":"","background-repeat":"repeat","background-position":"center center","background-size":"auto","background-attachment":"scroll","background-type":"","background-media":"","overlay-type":"","overlay-color":"","overlay-opacity":"","overlay-gradient":""},"tablet":{"background-color":"var(--ast-global-color-4)","background-image":"","background-repeat":"repeat","background-position":"center center","background-size":"auto","background-attachment":"scroll","background-type":"","background-media":"","overlay-type":"","overlay-color":"","overlay-opacity":"","overlay-gradient":""},"mobile":{"background-color":"var(--ast-global-color-4)","background-image":"","background-repeat":"repeat","background-position":"center center","background-size":"auto","background-attachment":"scroll","background-type":"","background-media":"","overlay-type":"","overlay-color":"","overlay-opacity":"","overlay-gradient":""}},"footnotes":""},"class_list":["post-212","page","type-page","status-publish","hentry"],"_links":{"self":[{"href":"https:\/\/rdscompany.net\/de\/wp-json\/wp\/v2\/pages\/212","targetHints":{"allow":["GET"]}}],"collection":[{"href":"https:\/\/rdscompany.net\/de\/wp-json\/wp\/v2\/pages"}],"about":[{"href":"https:\/\/rdscompany.net\/de\/wp-json\/wp\/v2\/types\/page"}],"author":[{"embeddable":true,"href":"https:\/\/rdscompany.net\/de\/wp-json\/wp\/v2\/users\/1"}],"replies":[{"embeddable":true,"href":"https:\/\/rdscompany.net\/de\/wp-json\/wp\/v2\/comments?post=212"}],"version-history":[{"count":46,"href":"https:\/\/rdscompany.net\/de\/wp-json\/wp\/v2\/pages\/212\/revisions"}],"predecessor-version":[{"id":844,"href":"https:\/\/rdscompany.net\/de\/wp-json\/wp\/v2\/pages\/212\/revisions\/844"}],"wp:attachment":[{"href":"https:\/\/rdscompany.net\/de\/wp-json\/wp\/v2\/media?parent=212"}],"curies":[{"name":"wp","href":"https:\/\/api.w.org\/{rel}","templated":true}]}}