{"id":103,"date":"2025-12-22T19:47:08","date_gmt":"2025-12-22T19:47:08","guid":{"rendered":"https:\/\/rdscompany.net\/?page_id=103"},"modified":"2026-01-12T12:48:52","modified_gmt":"2026-01-12T12:48:52","slug":"home","status":"publish","type":"page","link":"https:\/\/rdscompany.net\/de\/","title":{"rendered":"Startseite"},"content":{"rendered":"<div data-elementor-type=\"wp-page\" data-elementor-id=\"103\" class=\"elementor elementor-103\">\n\t\t\t\t<div class=\"elementor-element elementor-element-e79d435 e-con-full e-flex e-con e-parent\" data-id=\"e79d435\" data-element_type=\"container\" data-settings=\"{&quot;background_background&quot;:&quot;classic&quot;}\">\n\t\t\t\t<div class=\"elementor-element elementor-element-60c6ec7 elementor-hidden-mobile elementor-widget elementor-widget-heading\" data-id=\"60c6ec7\" data-element_type=\"widget\" data-widget_type=\"heading.default\">\n\t\t\t\t\t<h2 class=\"elementor-heading-title elementor-size-default\">Die richtige Entscheidung. Die richtige L\u00f6sung. <\/h2>\t\t\t\t<\/div>\n\t\t\t\t<\/div>\n\t\t<div class=\"elementor-element elementor-element-34d56ab e-flex e-con-boxed e-con e-parent\" data-id=\"34d56ab\" data-element_type=\"container\" data-settings=\"{&quot;background_background&quot;:&quot;classic&quot;}\">\n\t\t\t\t\t<div class=\"e-con-inner\">\n\t\t\t\t<div class=\"elementor-element elementor-element-67f21b4 elementor-widget elementor-widget-heading\" data-id=\"67f21b4\" data-element_type=\"widget\" data-widget_type=\"heading.default\">\n\t\t\t\t\t<h2 class=\"elementor-heading-title elementor-size-default\">Die richtige Entscheidung. Die richtige Transportl\u00f6sung.<\/h2>\t\t\t\t<\/div>\n\t\t\t\t<div class=\"elementor-element elementor-element-33a7775 elementor-widget elementor-widget-heading\" data-id=\"33a7775\" data-element_type=\"widget\" data-widget_type=\"heading.default\">\n\t\t\t\t\t<h2 class=\"elementor-heading-title elementor-size-default\">Ein Transportpartner. Klare Entscheidungen, volle Kontrolle und zuverl\u00e4ssige Umsetzung in ganz Europa.<\/h2>\t\t\t\t<\/div>\n\t\t\t\t<div class=\"elementor-element elementor-element-11fcc08 elementor-widget elementor-widget-button\" data-id=\"11fcc08\" data-element_type=\"widget\" data-widget_type=\"button.default\">\n\t\t\t\t\t\t\t\t\t\t<a class=\"elementor-button elementor-button-link elementor-size-sm\" href=\"https:\/\/rdscompany.net\/de\/contact\/\">\n\t\t\t\t\t\t<span class=\"elementor-button-content-wrapper\">\n\t\t\t\t\t\t\t\t\t<span class=\"elementor-button-text\">Transport anfragen<\/span>\n\t\t\t\t\t<\/span>\n\t\t\t\t\t<\/a>\n\t\t\t\t\t\t\t\t<\/div>\n\t\t\t\t\t<\/div>\n\t\t\t\t<\/div>\n\t\t<div class=\"elementor-element elementor-element-cb3c0dd e-flex e-con-boxed e-con e-parent\" data-id=\"cb3c0dd\" data-element_type=\"container\" data-settings=\"{&quot;background_background&quot;:&quot;classic&quot;}\">\n\t\t\t\t\t<div class=\"e-con-inner\">\n\t\t<div class=\"elementor-element elementor-element-8ddec6b e-grid e-con-full e-con e-child\" data-id=\"8ddec6b\" data-element_type=\"container\">\n\t\t<div class=\"elementor-element elementor-element-7ed2a53 e-con-full e-flex e-con e-child\" data-id=\"7ed2a53\" data-element_type=\"container\" data-settings=\"{&quot;background_background&quot;:&quot;classic&quot;}\">\n\t\t\t\t<div class=\"elementor-element elementor-element-288f491 elementor-widget elementor-widget-heading\" data-id=\"288f491\" data-element_type=\"widget\" data-widget_type=\"heading.default\">\n\t\t\t\t\t<h2 class=\"elementor-heading-title elementor-size-default\">Express-Transport<\/h2>\t\t\t\t<\/div>\n\t\t\t\t<div class=\"elementor-element elementor-element-a5691ae elementor-widget-divider--view-line elementor-widget elementor-widget-divider\" data-id=\"a5691ae\" data-element_type=\"widget\" data-widget_type=\"divider.default\">\n\t\t\t\t\t\t\t<div class=\"elementor-divider\">\n\t\t\t<span class=\"elementor-divider-separator\">\n\t\t\t\t\t\t<\/span>\n\t\t<\/div>\n\t\t\t\t\t\t<\/div>\n\t\t\t\t<div class=\"elementor-element elementor-element-81fbc9f elementor-widget elementor-widget-heading\" data-id=\"81fbc9f\" data-element_type=\"widget\" data-widget_type=\"heading.default\">\n\t\t\t\t\t<h2 class=\"elementor-heading-title elementor-size-default\">Zeitkritischer Stra\u00dfentransport in ganz Europa \u2013 mit direkter Route, schneller Reaktion und ohne unn\u00f6tige Zwischenstopps.<\/h2>\t\t\t\t<\/div>\n\t\t\t\t<\/div>\n\t\t<div class=\"elementor-element elementor-element-ef9b0a4 e-con-full e-flex e-con e-child\" data-id=\"ef9b0a4\" data-element_type=\"container\" data-settings=\"{&quot;background_background&quot;:&quot;classic&quot;}\">\n\t\t\t\t<div class=\"elementor-element elementor-element-fdd0005 elementor-widget elementor-widget-heading\" data-id=\"fdd0005\" data-element_type=\"widget\" data-widget_type=\"heading.default\">\n\t\t\t\t\t<h2 class=\"elementor-heading-title elementor-size-default\">Direkttransport<\/h2>\t\t\t\t<\/div>\n\t\t\t\t<div class=\"elementor-element elementor-element-4893762 elementor-widget-divider--view-line elementor-widget elementor-widget-divider\" data-id=\"4893762\" data-element_type=\"widget\" data-widget_type=\"divider.default\">\n\t\t\t\t\t\t\t<div class=\"elementor-divider\">\n\t\t\t<span class=\"elementor-divider-separator\">\n\t\t\t\t\t\t<\/span>\n\t\t<\/div>\n\t\t\t\t\t\t<\/div>\n\t\t\t\t<div class=\"elementor-element elementor-element-8cb5693 elementor-widget elementor-widget-heading\" data-id=\"8cb5693\" data-element_type=\"widget\" data-widget_type=\"heading.default\">\n\t\t\t\t\t<h2 class=\"elementor-heading-title elementor-size-default\">Exklusiv eingesetzte Fahrzeuge f\u00fcr Ihre Sendung \u2013 maximale Kontrolle, Zuverl\u00e4ssigkeit und direkte Zustellung.<\/h2>\t\t\t\t<\/div>\n\t\t\t\t<\/div>\n\t\t<div class=\"elementor-element elementor-element-fe1a6fe e-con-full e-flex e-con e-child\" data-id=\"fe1a6fe\" data-element_type=\"container\" data-settings=\"{&quot;background_background&quot;:&quot;classic&quot;}\">\n\t\t\t\t<div class=\"elementor-element elementor-element-376beb8 elementor-widget elementor-widget-heading\" data-id=\"376beb8\" data-element_type=\"widget\" data-widget_type=\"heading.default\">\n\t\t\t\t\t<h2 class=\"elementor-heading-title elementor-size-default\">Operative Kontrolle<\/h2>\t\t\t\t<\/div>\n\t\t\t\t<div class=\"elementor-element elementor-element-b2a05dc elementor-widget-divider--view-line elementor-widget elementor-widget-divider\" data-id=\"b2a05dc\" data-element_type=\"widget\" data-widget_type=\"divider.default\">\n\t\t\t\t\t\t\t<div class=\"elementor-divider\">\n\t\t\t<span class=\"elementor-divider-separator\">\n\t\t\t\t\t\t<\/span>\n\t\t<\/div>\n\t\t\t\t\t\t<\/div>\n\t\t\t\t<div class=\"elementor-element elementor-element-607f095 elementor-widget elementor-widget-heading\" data-id=\"607f095\" data-element_type=\"widget\" data-widget_type=\"heading.default\">\n\t\t\t\t\t<h2 class=\"elementor-heading-title elementor-size-default\">Durchg\u00e4ngige Sendungs\u00fcberwachung, proaktive Kommunikation und transparente Abwicklung \u2013 von der Abholung bis zur Zustellung.<\/h2>\t\t\t\t<\/div>\n\t\t\t\t<\/div>\n\t\t\t\t<\/div>\n\t\t\t\t<div class=\"elementor-element elementor-element-609f9ff elementor-widget elementor-widget-button\" data-id=\"609f9ff\" data-element_type=\"widget\" data-widget_type=\"button.default\">\n\t\t\t\t\t\t\t\t\t\t<a class=\"elementor-button elementor-button-link elementor-size-sm\" href=\"https:\/\/rdscompany.net\/de\/services\/\">\n\t\t\t\t\t\t<span class=\"elementor-button-content-wrapper\">\n\t\t\t\t\t\t\t\t\t<span class=\"elementor-button-text\">Alle Leistungen ansehen<\/span>\n\t\t\t\t\t<\/span>\n\t\t\t\t\t<\/a>\n\t\t\t\t\t\t\t\t<\/div>\n\t\t\t\t\t<\/div>\n\t\t\t\t<\/div>\n\t\t<div class=\"elementor-element elementor-element-1303698 e-flex e-con-boxed e-con e-parent\" data-id=\"1303698\" data-element_type=\"container\" data-settings=\"{&quot;background_background&quot;:&quot;classic&quot;}\">\n\t\t\t\t\t<div class=\"e-con-inner\">\n\t\t<div class=\"elementor-element elementor-element-8f0c05c e-con-full e-flex e-con e-child\" data-id=\"8f0c05c\" data-element_type=\"container\">\n\t\t\t\t<div class=\"elementor-element elementor-element-184f90f elementor-widget elementor-widget-heading\" data-id=\"184f90f\" data-element_type=\"widget\" data-widget_type=\"heading.default\">\n\t\t\t\t\t<h2 class=\"elementor-heading-title elementor-size-default\">Wer wir sind <\/h2>\t\t\t\t<\/div>\n\t\t\t\t<div class=\"elementor-element elementor-element-a7ee10d elementor-widget elementor-widget-text-editor\" data-id=\"a7ee10d\" data-element_type=\"widget\" data-widget_type=\"text-editor.default\">\n\t\t\t\t\t\t\t\t\t<h3>RDS Company ist ein unabh\u00e4ngiger Anbieter f\u00fcr Stra\u00dfentransporte und europaweit t\u00e4tig. Wir sind auf Express- und Direkttransporte f\u00fcr Logistikunternehmen und Speditionen spezialisiert.\n\nUnser Fokus liegt auf direkten Routen, flexibler Planung und klarer Kommunikation \u2013 f\u00fcr eine zuverl\u00e4ssige Durchf\u00fchrung und volle operative Kontrolle von der Abholung bis zur Zustellung.<\/h3>\t\t\t\t\t\t\t\t<\/div>\n\t\t\t\t<div class=\"elementor-element elementor-element-17757ab elementor-widget elementor-widget-text-editor\" data-id=\"17757ab\" data-element_type=\"widget\" data-widget_type=\"text-editor.default\">\n\t\t\t\t\t\t\t\t\t<h3 data-start=\"817\" data-end=\"1074\">Wir konzentrieren uns auf direkte Routen, flexible Planung und klare Kommunikation \u2013 f\u00fcr eine zuverl\u00e4ssige Durchf\u00fchrung und volle operative Kontrolle von der Abholung bis zur Zustellung.<\/h3>\t\t\t\t\t\t\t\t<\/div>\n\t\t\t\t<\/div>\n\t\t<div class=\"elementor-element elementor-element-80a2163 e-con-full e-flex e-con e-child\" data-id=\"80a2163\" data-element_type=\"container\" data-settings=\"{&quot;background_background&quot;:&quot;classic&quot;}\">\n\t\t\t\t<\/div>\n\t\t\t\t\t<\/div>\n\t\t\t\t<\/div>\n\t\t<div class=\"elementor-element elementor-element-e9b54da e-flex e-con-boxed e-con e-parent\" data-id=\"e9b54da\" data-element_type=\"container\" data-settings=\"{&quot;background_background&quot;:&quot;classic&quot;}\">\n\t\t\t\t\t<div class=\"e-con-inner\">\n\t\t\t\t<div class=\"elementor-element elementor-element-7d009a8 elementor-widget elementor-widget-heading\" data-id=\"7d009a8\" data-element_type=\"widget\" data-widget_type=\"heading.default\">\n\t\t\t\t\t<h2 class=\"elementor-heading-title elementor-size-default\">Unser Fuhrpark<\/h2>\t\t\t\t<\/div>\n\t\t\t\t<div class=\"elementor-element elementor-element-262ea99 elementor-widget elementor-widget-text-editor\" data-id=\"262ea99\" data-element_type=\"widget\" data-settings=\"{&quot;_animation_mobile&quot;:&quot;none&quot;}\" data-widget_type=\"text-editor.default\">\n\t\t\t\t\t\t\t\t\t<blockquote data-start=\"559\" data-end=\"1046\"><h3 data-start=\"462\" data-end=\"569\"><strong data-start=\"462\" data-end=\"569\">Unser Fuhrpark besteht aus modernen Sprinter-Fahrzeugen, optimiert f\u00fcr Express- und Direkttransporte in ganz Europa.<\/strong><\/h3><h3 data-start=\"571\" data-end=\"743\"><strong data-start=\"571\" data-end=\"743\">Alle Fahrzeuge werden professionell gewartet und sind f\u00fcr Curtain-Side-Beladung sowie den Einsatz von hydraulischen Ladebordw\u00e4nden ausgestattet \u2013 f\u00fcr eine flexible und zuverl\u00e4ssige Transportabwicklung.<\/strong><\/h3><\/blockquote>\t\t\t\t\t\t\t\t<\/div>\n\t\t\t\t<div class=\"elementor-element elementor-element-06795f1 elementor-align-center elementor-widget elementor-widget-button\" data-id=\"06795f1\" data-element_type=\"widget\" data-widget_type=\"button.default\">\n\t\t\t\t\t\t\t\t\t\t<a class=\"elementor-button elementor-button-link elementor-size-sm\" href=\"https:\/\/rdscompany.net\/de\/fleet-gallery\/\">\n\t\t\t\t\t\t<span class=\"elementor-button-content-wrapper\">\n\t\t\t\t\t\t\t\t\t<span class=\"elementor-button-text\">Fuhrpark ansehen<\/span>\n\t\t\t\t\t<\/span>\n\t\t\t\t\t<\/a>\n\t\t\t\t\t\t\t\t<\/div>\n\t\t\t\t\t<\/div>\n\t\t\t\t<\/div>\n\t\t<div class=\"elementor-element elementor-element-f3eafd4 e-flex e-con-boxed e-con e-parent\" data-id=\"f3eafd4\" data-element_type=\"container\" data-settings=\"{&quot;background_background&quot;:&quot;classic&quot;}\">\n\t\t\t\t\t<div class=\"e-con-inner\">\n\t\t\t\t<div class=\"elementor-element elementor-element-f098a7d elementor-widget elementor-widget-heading\" data-id=\"f098a7d\" data-element_type=\"widget\" data-widget_type=\"heading.default\">\n\t\t\t\t\t<h2 class=\"elementor-heading-title elementor-size-default\">Unsere Partner<\/h2>\t\t\t\t<\/div>\n\t\t\t\t<div class=\"elementor-element elementor-element-d6d57b3 elementor-widget elementor-widget-heading\" data-id=\"d6d57b3\" data-element_type=\"widget\" data-widget_type=\"heading.default\">\n\t\t\t\t\t<h2 class=\"elementor-heading-title elementor-size-default\">Wir arbeiten mit vertrauensw\u00fcrdigen Logistikplattformen und Transportpartnern in ganz Europa zusammen.<\/h2>\t\t\t\t<\/div>\n\t\t\t\t\t<\/div>\n\t\t\t\t<\/div>\n\t\t<div class=\"elementor-element elementor-element-72b3270 e-grid e-con-boxed e-con e-parent\" data-id=\"72b3270\" data-element_type=\"container\">\n\t\t\t\t\t<div class=\"e-con-inner\">\n\t\t\t\t<div class=\"elementor-element elementor-element-8a27395 elementor-widget elementor-widget-image\" data-id=\"8a27395\" data-element_type=\"widget\" data-widget_type=\"image.default\">\n\t\t\t\t\t\t\t\t\t\t\t\t<figure class=\"wp-caption\">\n\t\t\t\t\t\t\t\t\t\t\t<a href=\"https:\/\/www.gt-logistik.at\/\">\n\t\t\t\t\t\t\t<img fetchpriority=\"high\" decoding=\"async\" width=\"406\" height=\"124\" src=\"https:\/\/rdscompany.net\/wp-content\/uploads\/2026\/01\/gtlogo.png\" class=\"attachment-full size-full wp-image-569\" alt=\"\" srcset=\"https:\/\/rdscompany.net\/wp-content\/uploads\/2026\/01\/gtlogo.png 406w, https:\/\/rdscompany.net\/wp-content\/uploads\/2026\/01\/gtlogo-300x92.png 300w\" sizes=\"(max-width: 406px) 100vw, 406px\" \/>\t\t\t\t\t\t\t\t<\/a>\n\t\t\t\t\t\t\t\t\t\t\t<figcaption class=\"widget-image-caption wp-caption-text\"><\/figcaption>\n\t\t\t\t\t\t\t\t\t\t<\/figure>\n\t\t\t\t\t\t\t\t\t<\/div>\n\t\t\t\t<div class=\"elementor-element elementor-element-df027bc elementor-widget elementor-widget-image\" data-id=\"df027bc\" data-element_type=\"widget\" data-widget_type=\"image.default\">\n\t\t\t\t\t\t\t\t\t\t\t\t<figure class=\"wp-caption\">\n\t\t\t\t\t\t\t\t\t\t\t<a href=\"https:\/\/www.affinity-ts.com\/rs\/\">\n\t\t\t\t\t\t\t<img decoding=\"async\" width=\"526\" height=\"180\" src=\"https:\/\/rdscompany.net\/wp-content\/uploads\/2026\/01\/logo-affinity.png\" class=\"attachment-large size-large wp-image-570\" alt=\"\" srcset=\"https:\/\/rdscompany.net\/wp-content\/uploads\/2026\/01\/logo-affinity.png 526w, https:\/\/rdscompany.net\/wp-content\/uploads\/2026\/01\/logo-affinity-300x103.png 300w\" sizes=\"(max-width: 526px) 100vw, 526px\" \/>\t\t\t\t\t\t\t\t<\/a>\n\t\t\t\t\t\t\t\t\t\t\t<figcaption class=\"widget-image-caption wp-caption-text\"><\/figcaption>\n\t\t\t\t\t\t\t\t\t\t<\/figure>\n\t\t\t\t\t\t\t\t\t<\/div>\n\t\t\t\t<div class=\"elementor-element elementor-element-a8e2803 elementor-widget elementor-widget-image\" data-id=\"a8e2803\" data-element_type=\"widget\" data-widget_type=\"image.default\">\n\t\t\t\t\t\t\t\t\t\t\t\t\t\t\t\t<a href=\"https:\/\/www.timocom.si\/\">\n\t\t\t\t\t\t\t<img decoding=\"async\" width=\"1024\" height=\"597\" src=\"https:\/\/rdscompany.net\/wp-content\/uploads\/2026\/01\/timocom-bourse-de-fret-gratuitement-1080x630-1-1024x597.png\" class=\"attachment-large size-large wp-image-575\" alt=\"\" srcset=\"https:\/\/rdscompany.net\/wp-content\/uploads\/2026\/01\/timocom-bourse-de-fret-gratuitement-1080x630-1-1024x597.png 1024w, https:\/\/rdscompany.net\/wp-content\/uploads\/2026\/01\/timocom-bourse-de-fret-gratuitement-1080x630-1-300x175.png 300w, https:\/\/rdscompany.net\/wp-content\/uploads\/2026\/01\/timocom-bourse-de-fret-gratuitement-1080x630-1-768x448.png 768w, https:\/\/rdscompany.net\/wp-content\/uploads\/2026\/01\/timocom-bourse-de-fret-gratuitement-1080x630-1.png 1080w\" sizes=\"(max-width: 1024px) 100vw, 1024px\" \/>\t\t\t\t\t\t\t\t<\/a>\n\t\t\t\t\t\t\t\t\t\t\t\t\t\t\t<\/div>\n\t\t\t\t<div class=\"elementor-element elementor-element-f231eeb elementor-widget elementor-widget-image\" data-id=\"f231eeb\" data-element_type=\"widget\" data-widget_type=\"image.default\">\n\t\t\t\t\t\t\t\t\t\t\t\t<figure class=\"wp-caption\">\n\t\t\t\t\t\t\t\t\t\t\t<a href=\"https:\/\/invoitix.com\/rs\/\">\n\t\t\t\t\t\t\t<img loading=\"lazy\" decoding=\"async\" width=\"150\" height=\"150\" src=\"https:\/\/rdscompany.net\/wp-content\/uploads\/2026\/01\/images-150x150.png\" class=\"attachment-thumbnail size-thumbnail wp-image-576\" alt=\"\" srcset=\"https:\/\/rdscompany.net\/wp-content\/uploads\/2026\/01\/images-150x150.png 150w, https:\/\/rdscompany.net\/wp-content\/uploads\/2026\/01\/images.png 225w\" sizes=\"(max-width: 150px) 100vw, 150px\" \/>\t\t\t\t\t\t\t\t<\/a>\n\t\t\t\t\t\t\t\t\t\t\t<figcaption class=\"widget-image-caption wp-caption-text\"><\/figcaption>\n\t\t\t\t\t\t\t\t\t\t<\/figure>\n\t\t\t\t\t\t\t\t\t<\/div>\n\t\t\t\t<div class=\"elementor-element elementor-element-7b70a51 elementor-widget elementor-widget-image\" data-id=\"7b70a51\" data-element_type=\"widget\" data-widget_type=\"image.default\">\n\t\t\t\t\t\t\t\t\t\t\t\t\t\t\t\t<a href=\"https:\/\/www.dkv-mobility.com\/rs\/sr\">\n\t\t\t\t\t\t\t<img loading=\"lazy\" decoding=\"async\" width=\"260\" height=\"194\" src=\"https:\/\/rdscompany.net\/wp-content\/uploads\/2026\/01\/images-1.png\" class=\"attachment-large size-large wp-image-577\" alt=\"\" \/>\t\t\t\t\t\t\t\t<\/a>\n\t\t\t\t\t\t\t\t\t\t\t\t\t\t\t<\/div>\n\t\t\t\t\t<\/div>\n\t\t\t\t<\/div>\n\t\t<div class=\"elementor-element elementor-element-015edb6 e-flex e-con-boxed e-con e-parent\" data-id=\"015edb6\" data-element_type=\"container\" data-settings=\"{&quot;background_background&quot;:&quot;classic&quot;}\">\n\t\t\t\t\t<div class=\"e-con-inner\">\n\t\t\t\t<div class=\"elementor-element elementor-element-efacd87 elementor-widget elementor-widget-heading\" data-id=\"efacd87\" data-element_type=\"widget\" data-widget_type=\"heading.default\">\n\t\t\t\t\t<h2 class=\"elementor-heading-title elementor-size-default\">Bereit, mit einem zuverl\u00e4ssigen Transportpartner zusammenzuarbeiten?<\/h2>\t\t\t\t<\/div>\n\t\t\t\t<div class=\"elementor-element elementor-element-75f6bf1 elementor-align-center elementor-widget elementor-widget-button\" data-id=\"75f6bf1\" data-element_type=\"widget\" data-widget_type=\"button.default\">\n\t\t\t\t\t\t\t\t\t\t<a class=\"elementor-button elementor-button-link elementor-size-sm\" href=\"#\">\n\t\t\t\t\t\t<span class=\"elementor-button-content-wrapper\">\n\t\t\t\t\t\t\t\t\t<span class=\"elementor-button-text\">Transport anfragen<\/span>\n\t\t\t\t\t<\/span>\n\t\t\t\t\t<\/a>\n\t\t\t\t\t\t\t\t<\/div>\n\t\t\t\t\t<\/div>\n\t\t\t\t<\/div>\n\t\t\t\t<\/div>","protected":false},"excerpt":{"rendered":"<p>RIGHT DECISION. RIGHT SOLUTION. Right Decision. Right Transport Solution. One transport partner. Clear decisions, full control, reliable execution across Europe. [&hellip;]<\/p>","protected":false},"author":1,"featured_media":0,"parent":0,"menu_order":0,"comment_status":"closed","ping_status":"closed","template":"","meta":{"site-sidebar-layout":"no-sidebar","site-content-layout":"","ast-site-content-layout":"full-width-container","site-content-style":"default","site-sidebar-style":"default","ast-global-header-display":"","ast-banner-title-visibility":"","ast-main-header-display":"","ast-hfb-above-header-display":"","ast-hfb-below-header-display":"","ast-hfb-mobile-header-display":"","site-post-title":"disabled","ast-breadcrumbs-content":"","ast-featured-img":"disabled","footer-sml-layout":"","ast-disable-related-posts":"","theme-transparent-header-meta":"","adv-header-id-meta":"","stick-header-meta":"","header-above-stick-meta":"","header-main-stick-meta":"","header-below-stick-meta":"","astra-migrate-meta-layouts":"default","ast-page-background-enabled":"default","ast-page-background-meta":{"desktop":{"background-color":"var(--ast-global-color-5)","background-image":"","background-repeat":"repeat","background-position":"center center","background-size":"auto","background-attachment":"scroll","background-type":"","background-media":"","overlay-type":"","overlay-color":"","overlay-opacity":"","overlay-gradient":""},"tablet":{"background-color":"","background-image":"","background-repeat":"repeat","background-position":"center center","background-size":"auto","background-attachment":"scroll","background-type":"","background-media":"","overlay-type":"","overlay-color":"","overlay-opacity":"","overlay-gradient":""},"mobile":{"background-color":"","background-image":"","background-repeat":"repeat","background-position":"center center","background-size":"auto","background-attachment":"scroll","background-type":"","background-media":"","overlay-type":"","overlay-color":"","overlay-opacity":"","overlay-gradient":""}},"ast-content-background-meta":{"desktop":{"background-color":"var(--ast-global-color-4)","background-image":"","background-repeat":"repeat","background-position":"center center","background-size":"auto","background-attachment":"scroll","background-type":"","background-media":"","overlay-type":"","overlay-color":"","overlay-opacity":"","overlay-gradient":""},"tablet":{"background-color":"var(--ast-global-color-4)","background-image":"","background-repeat":"repeat","background-position":"center center","background-size":"auto","background-attachment":"scroll","background-type":"","background-media":"","overlay-type":"","overlay-color":"","overlay-opacity":"","overlay-gradient":""},"mobile":{"background-color":"var(--ast-global-color-4)","background-image":"","background-repeat":"repeat","background-position":"center center","background-size":"auto","background-attachment":"scroll","background-type":"","background-media":"","overlay-type":"","overlay-color":"","overlay-opacity":"","overlay-gradient":""}},"footnotes":""},"class_list":["post-103","page","type-page","status-publish","hentry"],"_links":{"self":[{"href":"https:\/\/rdscompany.net\/de\/wp-json\/wp\/v2\/pages\/103","targetHints":{"allow":["GET"]}}],"collection":[{"href":"https:\/\/rdscompany.net\/de\/wp-json\/wp\/v2\/pages"}],"about":[{"href":"https:\/\/rdscompany.net\/de\/wp-json\/wp\/v2\/types\/page"}],"author":[{"embeddable":true,"href":"https:\/\/rdscompany.net\/de\/wp-json\/wp\/v2\/users\/1"}],"replies":[{"embeddable":true,"href":"https:\/\/rdscompany.net\/de\/wp-json\/wp\/v2\/comments?post=103"}],"version-history":[{"count":310,"href":"https:\/\/rdscompany.net\/de\/wp-json\/wp\/v2\/pages\/103\/revisions"}],"predecessor-version":[{"id":850,"href":"https:\/\/rdscompany.net\/de\/wp-json\/wp\/v2\/pages\/103\/revisions\/850"}],"wp:attachment":[{"href":"https:\/\/rdscompany.net\/de\/wp-json\/wp\/v2\/media?parent=103"}],"curies":[{"name":"wp","href":"https:\/\/api.w.org\/{rel}","templated":true}]}}